{"id":6,"date":"2025-08-15T14:49:12","date_gmt":"2025-08-15T12:49:12","guid":{"rendered":"https:\/\/capital-baustoffe.de\/ratgeber\/rehber\/"},"modified":"2025-08-28T14:39:00","modified_gmt":"2025-08-28T12:39:00","slug":"rehber","status":"publish","type":"page","link":"https:\/\/capital-baustoffe.de\/ratgeber\/tr\/","title":{"rendered":"Rehber"},"content":{"rendered":"\t\t<div data-elementor-type=\"wp-page\" data-elementor-id=\"6\" class=\"elementor elementor-6 elementor-2\" data-elementor-post-type=\"page\">\n\t\t\t\t<div class=\"elementor-element elementor-element-48d7aab e-flex e-con-boxed e-con e-parent\" data-id=\"48d7aab\" data-element_type=\"container\">\n\t\t\t\t\t<div class=\"e-con-inner\">\n\t\t\t\t<div class=\"elementor-element elementor-element-f4be2fd elementor-widget elementor-widget-heading\" data-id=\"f4be2fd\" data-element_type=\"widget\" data-widget_type=\"heading.default\">\n\t\t\t\t\t<h1 class=\"elementor-heading-title elementor-size-default\" id=\"en-iyi-rehber\">En iyi rehber.<\/h1>\t\t\t\t<\/div>\n\t\t\t\t<div class=\"elementor-element elementor-element-fad90a7 elementor-widget elementor-widget-text-editor\" data-id=\"fad90a7\" data-element_type=\"widget\" data-widget_type=\"text-editor.default\">\n\t\t\t\t\t\t\t\t\t<p>CAPITAL Yap\u0131 Malzemeleri\u2019nin uzman rehberine ho\u015f geldiniz. Burada tozlu raflar de\u011fil, in\u015faat projeleriniz i\u00e7in heyecan verici makaleler bulacaks\u0131n\u0131z. Berlin\u2019deki favori yap\u0131 malzemeleri perakendecinizde, \u00e7e\u015fitli yap\u0131 malzemeleri hakk\u0131ndaki en \u00f6nemli bilgileri ve ipu\u00e7lar\u0131n\u0131 tek bir yerde okuyun.<\/p>\t\t\t\t\t\t\t\t<\/div>\n\t\t\t\t\t<\/div>\n\t\t\t\t<\/div>\n\t\t<div class=\"elementor-element elementor-element-f101ede e-flex e-con-boxed e-con e-parent\" data-id=\"f101ede\" data-element_type=\"container\">\n\t\t\t\t\t<div class=\"e-con-inner\">\n\t\t\t\t<div class=\"elementor-element elementor-element-ccc7ed5 elementor-widget elementor-widget-shortcode\" data-id=\"ccc7ed5\" data-element_type=\"widget\" id=\"ratgeber\" data-widget_type=\"shortcode.default\">\n\t\t\t\t\t\t\t<div class=\"elementor-shortcode\"><div class=\"item-1 col-2 innercol row-inner\"><div class=\"col span1-2 item item-1 item-ratgeber\"><div class=\"box\">\n\t\t<div class=\"ratgeber-teaser\" wpb_animate_when_almost_visible wpb_fadeInLeft fadeInLeft>\n\t\t\t<div class=\"thumb\"><img fetchpriority=\"high\" decoding=\"async\" width=\"800\" height=\"450\" src=\"https:\/\/capital-baustoffe.de\/ratgeber\/wp-content\/uploads\/sites\/2\/2025\/12\/bg-bau-arbeitsschutzpraemie-capital-baustoffe-800x450.jpg\" class=\"attachment-teaser size-teaser wp-post-image\" alt=\"Zwei Menschen sind auf einem Baustellenger\u00fcst gesichert, stehen auf dem Ger\u00fcst, es ist von der Geb\u00e4udeinnenseite aus fotografiert\" \/><\/div>\n\t\t\t<div class=\"cont\">\n\t\t\t\t<div class=\"cat-name\">Rehber<\/div>\n\t\t\t\t<div class=\"name\"><h3 id=\"bg-bau-forderung-arbeitsschutz-clever-finanzieren\">BG BAU F\u00f6rderung: Arbeitsschutz clever finanzieren<\/h3><\/div>\n\t\t\t\t<div class=\"desc\">Jetzt Arbeitsschutzpr\u00e4mien sichern und clever investieren in die Sicherheit ihrer Mitarbeiter<\/div>\n\t\t\t\t<div class=\"button_wrapper\"><a class=\"button\" href=\"https:\/\/capital-baustoffe.de\/ratgeber\/tr\/bg-bau-foerderung-arbeitsschutz\/\">okumak<\/a><\/div>\n\t\t\t<\/div>\n\t\t<\/div><\/div><\/div><div class=\"col span1-2 item item-2 item-ratgeber\"><div class=\"box\">\n\t\t<div class=\"ratgeber-teaser\" wpb_animate_when_almost_visible wpb_fadeInRight fadeInRight>\n\t\t\t<div class=\"thumb\"><img decoding=\"async\" width=\"800\" height=\"450\" src=\"https:\/\/capital-baustoffe.de\/ratgeber\/wp-content\/uploads\/sites\/2\/2025\/09\/Daemmstoffe-Grossbaustelle-Capital-Baustoffe-1-800x450.jpg\" class=\"attachment-teaser size-teaser wp-post-image\" alt=\"D\u00e4mmstoffe in Rollen im Vordergrund liegend auf der rechten Seite, Hintergrund ist nicht erkennbar\" \/><\/div>\n\t\t\t<div class=\"cont\">\n\t\t\t\t<div class=\"cat-name\">Rehber<\/div>\n\t\t\t\t<div class=\"name\"><h3 id=\"dammstoffe-fur-grosbaustellen\">D\u00e4mmstoffe f\u00fcr Gro\u00dfbaustellen<\/h3><\/div>\n\t\t\t\t<div class=\"desc\">Erfahren Sie mehr \u00fcber die Eigenschaften und Anforderungen an D\u00e4mmstoffe f\u00fcr Gro\u00dfbaustellen.<\/div>\n\t\t\t\t<div class=\"button_wrapper\"><a class=\"button\" href=\"https:\/\/capital-baustoffe.de\/ratgeber\/tr\/daemmstoffe-fuer-grossbaustellen\/\">okumak<\/a><\/div>\n\t\t\t<\/div>\n\t\t<\/div><\/div><\/div><div class=\"col span1-2 item item-3 item-ratgeber\"><div class=\"box\">\n\t\t<div class=\"ratgeber-teaser\" wpb_animate_when_almost_visible wpb_fadeInLeft fadeInLeft>\n\t\t\t<div class=\"thumb\"><img decoding=\"async\" width=\"800\" height=\"450\" src=\"https:\/\/capital-baustoffe.de\/ratgeber\/wp-content\/uploads\/sites\/2\/2025\/09\/Kein-Titel-1153-x-768-px-923-x-615-px-4-800x450.jpg\" class=\"attachment-teaser size-teaser wp-post-image\" alt=\"Eine m\u00e4nnliche Person verteilt Estrich gleichm\u00e4\u00dfig.\" \/><\/div>\n\t\t\t<div class=\"cont\">\n\t\t\t\t<div class=\"cat-name\">Rehber<\/div>\n\t\t\t\t<div class=\"name\"><h3 id=\"estricharten-im-uberblick\">Estricharten im \u00dcberblick<\/h3><\/div>\n\t\t\t\t<div class=\"desc\">Erfahren Sie mehr \u00fcber die Unterschiede der Estricharten, Einsatzbereiche und typische Fehler bei der Verarbeitung.<\/div>\n\t\t\t\t<div class=\"button_wrapper\"><a class=\"button\" href=\"https:\/\/capital-baustoffe.de\/ratgeber\/tr\/estricharten-im-ueberblick\/\">okumak<\/a><\/div>\n\t\t\t<\/div>\n\t\t<\/div><\/div><\/div><div class=\"col span1-2 item item-4 item-ratgeber\"><div class=\"box\">\n\t\t<div class=\"ratgeber-teaser\" wpb_animate_when_almost_visible wpb_fadeInRight fadeInRight>\n\t\t\t<div class=\"thumb\"><img loading=\"lazy\" decoding=\"async\" width=\"800\" height=\"450\" src=\"https:\/\/capital-baustoffe.de\/ratgeber\/wp-content\/uploads\/sites\/2\/2025\/11\/CAPITAL-Baustoffe.-Baustoffe-in-Berlin-e1762333577185-800x450.jpeg\" class=\"attachment-teaser size-teaser wp-post-image\" alt=\"\" \/><\/div>\n\t\t\t<div class=\"cont\">\n\t\t\t\t<div class=\"cat-name\">Rehber<\/div>\n\t\t\t\t<div class=\"name\"><h3 id=\"ihr-verlasslicher-partner-fur-baustoffe-in-berlin\">Ihr verl\u00e4sslicher Partner f\u00fcr Baustoffe in Berlin<\/h3><\/div>\n\t\t\t\t<div class=\"desc\"><p>Mehr als Baustellen, mehr als Baustoffe.  <\/p><\/div>\n\t\t\t\t<div class=\"button_wrapper\"><a class=\"button\" href=\"https:\/\/capital-baustoffe.de\/ratgeber\/tr\/baustoffe-berlin-partner\/\">okumak<\/a><\/div>\n\t\t\t<\/div>\n\t\t<\/div><\/div><\/div><div class=\"col span1-2 item item-5 item-ratgeber\"><div class=\"box\">\n\t\t<div class=\"ratgeber-teaser\" wpb_animate_when_almost_visible wpb_fadeInLeft fadeInLeft>\n\t\t\t<div class=\"thumb\"><img loading=\"lazy\" decoding=\"async\" width=\"400\" height=\"450\" src=\"https:\/\/capital-baustoffe.de\/ratgeber\/wp-content\/uploads\/sites\/2\/2025\/08\/CB-ISOVER-Konfigurator-Ratgeber-400x450.png\" class=\"attachment-teaser size-teaser wp-post-image\" alt=\"\" \/><\/div>\n\t\t\t<div class=\"cont\">\n\t\t\t\t<div class=\"cat-name\">Rehber<\/div>\n\t\t\t\t<div class=\"name\"><h3 id=\"isover-konfigurator\">ISOVER Konfigurator<\/h3><\/div>\n\t\t\t\t<div class=\"desc\">Neubau oder Sanierung: Der ISOVER Konfigurator unterst\u00fctzt Sie bei der Wahl der richtigen D\u00e4mmung.<\/div>\n\t\t\t\t<div class=\"button_wrapper\"><a class=\"button\" href=\"https:\/\/capital-baustoffe.de\/ratgeber\/tr\/isover-konfigurator\/\">okumak<\/a><\/div>\n\t\t\t<\/div>\n\t\t<\/div><\/div><\/div><div class=\"col span1-2 item item-6 item-ratgeber\"><div class=\"box\">\n\t\t<div class=\"ratgeber-teaser\" wpb_animate_when_almost_visible wpb_fadeInRight fadeInRight>\n\t\t\t<div class=\"thumb\"><img loading=\"lazy\" decoding=\"async\" width=\"800\" height=\"450\" src=\"https:\/\/capital-baustoffe.de\/ratgeber\/wp-content\/uploads\/sites\/2\/2025\/10\/Fotos-fuer-Ratgeber-Texte-800x450.png\" class=\"attachment-teaser size-teaser wp-post-image\" alt=\"\" \/><\/div>\n\t\t\t<div class=\"cont\">\n\t\t\t\t<div class=\"cat-name\">Rehber<\/div>\n\t\t\t\t<div class=\"name\"><h3 id=\"mineralwolle-steinwolle-und-glaswolle-im-vergleich\">Mineralwolle: Steinwolle und Glaswolle im Vergleich<\/h3><\/div>\n\t\t\t\t<div class=\"desc\">Steinwolle oder Glaswolle: Welche Mineralwolle ist die bessere Wahl f\u00fcr Ihr Bauprojekt? <\/div>\n\t\t\t\t<div class=\"button_wrapper\"><a class=\"button\" href=\"https:\/\/capital-baustoffe.de\/ratgeber\/tr\/mineralwolle-steinwolle-und-glaswolle-im-vergleich\/\">okumak<\/a><\/div>\n\t\t\t<\/div>\n\t\t<\/div><\/div><\/div><div class=\"col span1-2 item item-7 item-ratgeber\"><div class=\"box\">\n\t\t<div class=\"ratgeber-teaser\" wpb_animate_when_almost_visible wpb_fadeInLeft fadeInLeft>\n\t\t\t<div class=\"thumb\"><img loading=\"lazy\" decoding=\"async\" width=\"800\" height=\"450\" src=\"https:\/\/capital-baustoffe.de\/ratgeber\/wp-content\/uploads\/sites\/2\/2025\/09\/Fotos-fuer-Ratgeber-Texte-1-800x450.jpg\" class=\"attachment-teaser size-teaser wp-post-image\" alt=\"Hochhaus im Bau, gelber Kran umrandet von Bl\u00e4ttern.\" \/><\/div>\n\t\t\t<div class=\"cont\">\n\t\t\t\t<div class=\"cat-name\">Rehber<\/div>\n\t\t\t\t<div class=\"name\"><h3 id=\"moderne-losungen-im-hochbau\">Moderne L\u00f6sungen im Hochbau<\/h3><\/div>\n\t\t\t\t<div class=\"desc\">Moderne Hochbau Baustoffe f\u00fcr effizientes Gro\u00dfprojektmanagement. Jetzt informieren!<\/div>\n\t\t\t\t<div class=\"button_wrapper\"><a class=\"button\" href=\"https:\/\/capital-baustoffe.de\/ratgeber\/tr\/moderne-losungen-im-hochbau\/\">okumak<\/a><\/div>\n\t\t\t<\/div>\n\t\t<\/div><\/div><\/div><div class=\"col span1-2 item item-8 item-ratgeber\"><div class=\"box\">\n\t\t<div class=\"ratgeber-teaser\" wpb_animate_when_almost_visible wpb_fadeInRight fadeInRight>\n\t\t\t<div class=\"thumb\"><img loading=\"lazy\" decoding=\"async\" width=\"800\" height=\"450\" src=\"https:\/\/capital-baustoffe.de\/ratgeber\/wp-content\/uploads\/sites\/2\/2025\/09\/Neu-im-Sortiment-CAPITAL-Baustoffe-800x450.jpg\" class=\"attachment-teaser size-teaser wp-post-image\" alt=\"Eichh\u00f6rchen steht mittig und schiebt einen orangenen Kreis, in dem NEU steht. Der HIntergrund ist dunkelblau.\" \/><\/div>\n\t\t\t<div class=\"cont\">\n\t\t\t\t<div class=\"cat-name\">Rehber<\/div>\n\t\t\t\t<div class=\"name\"><h3 id=\"neu-am-lager\">Neu am Lager<\/h3><\/div>\n\t\t\t\t<div class=\"desc\">Alle Neuheiten im unserem Sortiment. Jetzt neue Produkte entdecken!<\/div>\n\t\t\t\t<div class=\"button_wrapper\"><a class=\"button\" href=\"https:\/\/capital-baustoffe.de\/ratgeber\/tr\/neu-am-lager-neu-im-sortiment\/\">okumak<\/a><\/div>\n\t\t\t<\/div>\n\t\t<\/div><\/div><\/div><div class=\"col span1-2 item item-9 item-ratgeber\"><div class=\"box\">\n\t\t<div class=\"ratgeber-teaser\" wpb_animate_when_almost_visible wpb_fadeInLeft fadeInLeft>\n\t\t\t<div class=\"thumb\"><img loading=\"lazy\" decoding=\"async\" width=\"800\" height=\"450\" src=\"https:\/\/capital-baustoffe.de\/ratgeber\/wp-content\/uploads\/sites\/2\/2026\/01\/Renovierputz-Capital-Baustoffe-800x450.jpg\" class=\"attachment-teaser size-teaser wp-post-image\" alt=\"\" \/><\/div>\n\t\t\t<div class=\"cont\">\n\t\t\t\t<div class=\"cat-name\">Rehber<\/div>\n\t\t\t\t<div class=\"name\"><h3 id=\"renovierputz-im-profi-einsatz\">Renovierputz im Profi-Einsatz<\/h3><\/div>\n\t\t\t\t<div class=\"desc\">Welche M\u00f6glichkeiten bietet Ihnen Renovier- und Ausgleichsputz und wo liegen die Grenzen? <\/div>\n\t\t\t\t<div class=\"button_wrapper\"><a class=\"button\" href=\"https:\/\/capital-baustoffe.de\/ratgeber\/tr\/renovierputz-hasit-250-renoplus\/\">okumak<\/a><\/div>\n\t\t\t<\/div>\n\t\t<\/div><\/div><\/div><\/div><\/div>\n\t\t\t\t\t\t<\/div>\n\t\t\t\t\t<\/div>\n\t\t\t\t<\/div>\n\t\t\t\t<\/div>\n\t\t","protected":false},"excerpt":{"rendered":"<p>En iyi rehber. CAPITAL Yap\u0131 Malzemeleri\u2019nin uzman rehberine ho\u015f geldiniz. Burada tozlu raflar de\u011fil, in\u015faat projeleriniz i\u00e7in heyecan verici makaleler bulacaks\u0131n\u0131z. Berlin\u2019deki favori yap\u0131 malzemeleri perakendecinizde, \u00e7e\u015fitli yap\u0131 malzemeleri hakk\u0131ndaki en \u00f6nemli bilgileri ve ipu\u00e7lar\u0131n\u0131 tek bir yerde okuyun.<\/p>\n","protected":false},"author":1,"featured_media":0,"parent":0,"menu_order":0,"comment_status":"closed","ping_status":"closed","template":"","meta":{"_acf_changed":false,"footnotes":""},"class_list":["post-6","page","type-page","status-publish","hentry"],"acf":[],"yoast_head":"<!-- This site is optimized with the Yoast SEO plugin v22.6 - https:\/\/yoast.com\/wordpress\/plugins\/seo\/ -->\n<title>Rehber - Ratgeber<\/title>\n<meta name=\"description\" content=\"CAPITAL rehberinde yap\u0131 malzemeleri hakk\u0131nda her \u015feyi bulabilir ve ba\u015far\u0131l\u0131 in\u015faat projeleri i\u00e7in yararl\u0131 ipu\u00e7lar\u0131 alabilirsiniz.\" \/>\n<meta name=\"robots\" content=\"index, follow, max-snippet:-1, max-image-preview:large, max-video-preview:-1\" \/>\n<link rel=\"canonical\" href=\"https:\/\/capital-baustoffe.de\/ratgeber\/tr\/\" \/>\n<meta property=\"og:locale\" content=\"tr_TR\" \/>\n<meta property=\"og:type\" content=\"article\" \/>\n<meta property=\"og:title\" content=\"Rehber - Ratgeber\" \/>\n<meta property=\"og:description\" content=\"CAPITAL rehberinde yap\u0131 malzemeleri hakk\u0131nda her \u015feyi bulabilir ve ba\u015far\u0131l\u0131 in\u015faat projeleri i\u00e7in yararl\u0131 ipu\u00e7lar\u0131 alabilirsiniz.\" \/>\n<meta property=\"og:url\" content=\"https:\/\/capital-baustoffe.de\/ratgeber\/tr\/\" \/>\n<meta property=\"og:site_name\" content=\"Ratgeber\" \/>\n<meta property=\"article:modified_time\" content=\"2025-08-28T12:39:00+00:00\" \/>\n<meta name=\"twitter:card\" content=\"summary_large_image\" \/>\n<script type=\"application\/ld+json\" class=\"yoast-schema-graph\">{\"@context\":\"https:\/\/schema.org\",\"@graph\":[{\"@type\":\"WebPage\",\"@id\":\"https:\/\/capital-baustoffe.de\/ratgeber\/tr\/\",\"url\":\"https:\/\/capital-baustoffe.de\/ratgeber\/tr\/\",\"name\":\"Rehber - Ratgeber\",\"isPartOf\":{\"@id\":\"https:\/\/capital-baustoffe.de\/ratgeber\/tr\/#website\"},\"datePublished\":\"2025-08-15T12:49:12+00:00\",\"dateModified\":\"2025-08-28T12:39:00+00:00\",\"description\":\"CAPITAL rehberinde yap\u0131 malzemeleri hakk\u0131nda her \u015feyi bulabilir ve ba\u015far\u0131l\u0131 in\u015faat projeleri i\u00e7in yararl\u0131 ipu\u00e7lar\u0131 alabilirsiniz.\",\"inLanguage\":\"tr\",\"potentialAction\":[{\"@type\":\"ReadAction\",\"target\":[\"https:\/\/capital-baustoffe.de\/ratgeber\/tr\/\"]}]},{\"@type\":\"WebSite\",\"@id\":\"https:\/\/capital-baustoffe.de\/ratgeber\/tr\/#website\",\"url\":\"https:\/\/capital-baustoffe.de\/ratgeber\/tr\/\",\"name\":\"Ratgeber\",\"description\":\"\",\"potentialAction\":[{\"@type\":\"SearchAction\",\"target\":{\"@type\":\"EntryPoint\",\"urlTemplate\":\"https:\/\/capital-baustoffe.de\/ratgeber\/tr\/?s={search_term_string}\"},\"query-input\":\"required name=search_term_string\"}],\"inLanguage\":\"tr\"}]}<\/script>\n<!-- \/ Yoast SEO plugin. -->","yoast_head_json":{"title":"Rehber - Ratgeber","description":"CAPITAL rehberinde yap\u0131 malzemeleri hakk\u0131nda her \u015feyi bulabilir ve ba\u015far\u0131l\u0131 in\u015faat projeleri i\u00e7in yararl\u0131 ipu\u00e7lar\u0131 alabilirsiniz.","robots":{"index":"index","follow":"follow","max-snippet":"max-snippet:-1","max-image-preview":"max-image-preview:large","max-video-preview":"max-video-preview:-1"},"canonical":"https:\/\/capital-baustoffe.de\/ratgeber\/tr\/","og_locale":"tr_TR","og_type":"article","og_title":"Rehber - Ratgeber","og_description":"CAPITAL rehberinde yap\u0131 malzemeleri hakk\u0131nda her \u015feyi bulabilir ve ba\u015far\u0131l\u0131 in\u015faat projeleri i\u00e7in yararl\u0131 ipu\u00e7lar\u0131 alabilirsiniz.","og_url":"https:\/\/capital-baustoffe.de\/ratgeber\/tr\/","og_site_name":"Ratgeber","article_modified_time":"2025-08-28T12:39:00+00:00","twitter_card":"summary_large_image","schema":{"@context":"https:\/\/schema.org","@graph":[{"@type":"WebPage","@id":"https:\/\/capital-baustoffe.de\/ratgeber\/tr\/","url":"https:\/\/capital-baustoffe.de\/ratgeber\/tr\/","name":"Rehber - Ratgeber","isPartOf":{"@id":"https:\/\/capital-baustoffe.de\/ratgeber\/tr\/#website"},"datePublished":"2025-08-15T12:49:12+00:00","dateModified":"2025-08-28T12:39:00+00:00","description":"CAPITAL rehberinde yap\u0131 malzemeleri hakk\u0131nda her \u015feyi bulabilir ve ba\u015far\u0131l\u0131 in\u015faat projeleri i\u00e7in yararl\u0131 ipu\u00e7lar\u0131 alabilirsiniz.","inLanguage":"tr","potentialAction":[{"@type":"ReadAction","target":["https:\/\/capital-baustoffe.de\/ratgeber\/tr\/"]}]},{"@type":"WebSite","@id":"https:\/\/capital-baustoffe.de\/ratgeber\/tr\/#website","url":"https:\/\/capital-baustoffe.de\/ratgeber\/tr\/","name":"Ratgeber","description":"","potentialAction":[{"@type":"SearchAction","target":{"@type":"EntryPoint","urlTemplate":"https:\/\/capital-baustoffe.de\/ratgeber\/tr\/?s={search_term_string}"},"query-input":"required name=search_term_string"}],"inLanguage":"tr"}]}},"_links":{"self":[{"href":"https:\/\/capital-baustoffe.de\/ratgeber\/tr\/wp-json\/wp\/v2\/pages\/6","targetHints":{"allow":["GET"]}}],"collection":[{"href":"https:\/\/capital-baustoffe.de\/ratgeber\/tr\/wp-json\/wp\/v2\/pages"}],"about":[{"href":"https:\/\/capital-baustoffe.de\/ratgeber\/tr\/wp-json\/wp\/v2\/types\/page"}],"author":[{"embeddable":true,"href":"https:\/\/capital-baustoffe.de\/ratgeber\/tr\/wp-json\/wp\/v2\/users\/1"}],"replies":[{"embeddable":true,"href":"https:\/\/capital-baustoffe.de\/ratgeber\/tr\/wp-json\/wp\/v2\/comments?post=6"}],"version-history":[{"count":0,"href":"https:\/\/capital-baustoffe.de\/ratgeber\/tr\/wp-json\/wp\/v2\/pages\/6\/revisions"}],"wp:attachment":[{"href":"https:\/\/capital-baustoffe.de\/ratgeber\/tr\/wp-json\/wp\/v2\/media?parent=6"}],"curies":[{"name":"wp","href":"https:\/\/api.w.org\/{rel}","templated":true}]}}